{"id":210,"date":"2021-10-21T16:09:14","date_gmt":"2021-10-21T19:09:14","guid":{"rendered":"https:\/\/ceepu.com.br\/portal\/?page_id=210"},"modified":"2021-12-15T09:34:16","modified_gmt":"2021-12-15T12:34:16","slug":"estudos","status":"publish","type":"page","link":"https:\/\/ceepu.com.br\/portal\/estudos\/","title":{"rendered":"Estudos"},"content":{"rendered":"\t\t<div data-elementor-type=\"wp-page\" data-elementor-id=\"210\" class=\"elementor elementor-210\" data-elementor-post-type=\"page\">\n\t\t\t\t\t\t<section class=\"elementor-section elementor-top-section elementor-element elementor-element-6d12612 elementor-section-boxed elementor-section-height-default elementor-section-height-default\" data-id=\"6d12612\" data-element_type=\"section\">\n\t\t\t\t\t\t<div class=\"elementor-container elementor-column-gap-default\">\n\t\t\t\t\t<div class=\"elementor-column elementor-col-100 elementor-top-column elementor-element elementor-element-8782763\" data-id=\"8782763\" data-element_type=\"column\">\n\t\t\t<div class=\"elementor-widget-wrap elementor-element-populated\">\n\t\t\t\t\t\t<div class=\"elementor-element elementor-element-45bc695 marcador_w4m elementor-widget elementor-widget-text-editor\" data-id=\"45bc695\" data-element_type=\"widget\" data-widget_type=\"text-editor.default\">\n\t\t\t\t<div class=\"elementor-widget-container\">\n\t\t\t\t\t\t\t\t\t<p>O objetivo principal do CEEPU \u00e9 a difus\u00e3o da psican\u00e1lise. Para isso faz-se necess\u00e1rio o estudo sistematizado da teoria, da t\u00e9cnica e do m\u00e9todo psicanal\u00edticos, atrav\u00e9s de m\u00f3dulos de estudos divididos em:<\/p><p><span style=\"text-decoration: underline;\">M\u00f3dulos Fundamentais:<\/span><\/p><ul><li>M\u00f3dulos Fundamentais das obras de Sigmund Freud oferecidos para estudantes e profissionais das \u00e1reas de psicologia e medicina.<\/li><li>M\u00f3dulos Fundamentais das obras de Melaine Klein, oferecidos para estudantes e profissionais das \u00e1reas de psicologia e medicina.<\/li><\/ul><p><span style=\"text-decoration: underline;\">M\u00f3dulos de Aprimoramento:<\/span>\u00a0 visam o desenvolvimento da ci\u00eancia psicanal\u00edtica, ministrados por psicanalistas convidados. Oferecidos para profissionais das \u00e1reas da psicologia e medicina.<\/p><p><span style=\"background-color: transparent; color: var( --e-global-color-text ); font-family: var( --e-global-typography-secondary-font-family ), Sans-serif; font-weight: var( --e-global-typography-secondary-font-weight );\"><span style=\"text-decoration: underline;\">Mini-Cursos:<\/span> estudos de temas e autores psicanal\u00edticos.\u00a0<\/span><\/p><p><span style=\"text-decoration: underline;\">Laborat\u00f3rio de Investiga\u00e7\u00e3o Psicanal\u00edtica da Inf\u00e2ncia (LIPI)<\/span><\/p><p><span style=\"text-decoration: underline;\">Laborat\u00f3rio de Investiga\u00e7\u00e3o Psicanal\u00edtica da Adolesc\u00eancia (LIPA)<\/span><\/p><p>O LIPI e o LIPA foram criados a partir do interesse de estudar os fen\u00f4menos ps\u00edquicos da inf\u00e2ncia e da adolesc\u00eancia, como tamb\u00e9m, pelos desafios da t\u00e9cnica, no atendimento dos mesmos. Tanto o LIPI quanto o LIPA abriram espa\u00e7o para o estudo, pesquisa e publica\u00e7\u00f5es de temas atuais e desafiadores da cl\u00ednica de crian\u00e7as e de adolescentes.<\/p><p><span style=\"text-decoration: underline;\">M\u00f3dulos Introdut\u00f3rios:<\/span> grupos oferecidos para profissionais de \u00e1reas afins interessados em conhecer as obras de Sigmund Freud e temas ligados \u00e0 psican\u00e1lise.<\/p>\t\t\t\t\t\t\t\t<\/div>\n\t\t\t\t<\/div>\n\t\t\t\t\t<\/div>\n\t\t<\/div>\n\t\t\t\t\t<\/div>\n\t\t<\/section>\n\t\t\t\t<\/div>\n\t\t","protected":false},"excerpt":{"rendered":"<p>O objetivo principal do CEEPU \u00e9 a difus\u00e3o da psican\u00e1lise. Para isso faz-se necess\u00e1rio o estudo sistematizado da teoria, da t\u00e9cnica e do m\u00e9todo psicanal\u00edticos, atrav\u00e9s de m\u00f3dulos de estudos divididos em: M\u00f3dulos Fundamentais: M\u00f3dulos Fundamentais das obras de Sigmund Freud oferecidos para estudantes e profissionais das \u00e1reas de psicologia e medicina. M\u00f3dulos Fundamentais das &#8230; <a title=\"Estudos\" class=\"read-more\" href=\"https:\/\/ceepu.com.br\/portal\/estudos\/\" aria-label=\"More on Estudos\">Ler mais<\/a><\/p>\n","protected":false},"author":1,"featured_media":0,"parent":0,"menu_order":0,"comment_status":"closed","ping_status":"closed","template":"","meta":{"footnotes":""},"class_list":["post-210","page","type-page","status-publish"],"_links":{"self":[{"href":"https:\/\/ceepu.com.br\/portal\/wp-json\/wp\/v2\/pages\/210","targetHints":{"allow":["GET"]}}],"collection":[{"href":"https:\/\/ceepu.com.br\/portal\/wp-json\/wp\/v2\/pages"}],"about":[{"href":"https:\/\/ceepu.com.br\/portal\/wp-json\/wp\/v2\/types\/page"}],"author":[{"embeddable":true,"href":"https:\/\/ceepu.com.br\/portal\/wp-json\/wp\/v2\/users\/1"}],"replies":[{"embeddable":true,"href":"https:\/\/ceepu.com.br\/portal\/wp-json\/wp\/v2\/comments?post=210"}],"version-history":[{"count":32,"href":"https:\/\/ceepu.com.br\/portal\/wp-json\/wp\/v2\/pages\/210\/revisions"}],"predecessor-version":[{"id":1238,"href":"https:\/\/ceepu.com.br\/portal\/wp-json\/wp\/v2\/pages\/210\/revisions\/1238"}],"wp:attachment":[{"href":"https:\/\/ceepu.com.br\/portal\/wp-json\/wp\/v2\/media?parent=210"}],"curies":[{"name":"wp","href":"https:\/\/api.w.org\/{rel}","templated":true}]}}