{"id":208,"date":"2021-10-21T16:08:51","date_gmt":"2021-10-21T19:08:51","guid":{"rendered":"https:\/\/ceepu.com.br\/portal\/?page_id=208"},"modified":"2022-01-21T18:39:07","modified_gmt":"2022-01-21T21:39:07","slug":"quem-somos","status":"publish","type":"page","link":"https:\/\/ceepu.com.br\/portal\/quem-somos\/","title":{"rendered":"Quem Somos"},"content":{"rendered":"\t\t<div data-elementor-type=\"wp-page\" data-elementor-id=\"208\" class=\"elementor elementor-208\" data-elementor-post-type=\"page\">\n\t\t\t\t\t\t<section class=\"elementor-section elementor-top-section elementor-element elementor-element-e45df89 elementor-section-full_width elementor-section-height-default elementor-section-height-default\" data-id=\"e45df89\" data-element_type=\"section\">\n\t\t\t\t\t\t<div class=\"elementor-container elementor-column-gap-default\">\n\t\t\t\t\t<div class=\"elementor-column elementor-col-100 elementor-top-column elementor-element elementor-element-94ea512\" data-id=\"94ea512\" data-element_type=\"column\">\n\t\t\t<div class=\"elementor-widget-wrap elementor-element-populated\">\n\t\t\t\t\t\t<div class=\"elementor-element elementor-element-361964d elementor-widget elementor-widget-text-editor\" data-id=\"361964d\" data-element_type=\"widget\" data-widget_type=\"text-editor.default\">\n\t\t\t\t<div class=\"elementor-widget-container\">\n\t\t\t\t\t\t\t\t\t<p>Inspirada pelas recorda\u00e7\u00f5es de como foi o nascimento do CEEPU, em meados de 1990, passo a contar sua hist\u00f3ria.<br \/>A psican\u00e1lise \u00e9 uma atividade profissional em tr\u00e2nsito. O que quero dizer com isso? A etimologia da palavra tr\u00e2nsito vem do latim transitus, que significa a\u00e7\u00e3o de passar, passagem, a\u00e7\u00e3o de transitar, de fazer algum caminho e se deslocar de um lugar para o outro. Na ocasi\u00e3o alguns psic\u00f3logos da cidade come\u00e7aram a transitar para outras cidades em busca de conhecer a psican\u00e1lise, seja em busca de estudos e tamb\u00e9m de suas analises pessoais, essa imprescind\u00edvel para quem quer ser um psicanalista e fazer tr\u00e2nsito dentro da pr\u00f3pria mente entre partes neur\u00f3ticas e psic\u00f3ticas.<br \/>\u00cdamos de carro de Uberl\u00e2ndia para Uberaba,\u00a0 Ribeir\u00e3o Preto e S\u00e3o Paulo. Tamb\u00e9m tinham os que vinham de l\u00e1 para c\u00e1. Como um grupo de psicanalistas de Bras\u00edlia que, durante quase um ano, ofereceram um curso de psican\u00e1lise em Uberl\u00e2ndia.\u00a0<br \/>Nessas idas e vindas, cheias de prosa boa, eu e a Aida, come\u00e7amos a conjecturar a possibilidade de formarmos um grupo de estudos em Uberl\u00e2ndia. Como j\u00e1 existia em Uberaba,\u00a0 Ribeir\u00e3o Preto,\u00a0 S\u00e3o Jos\u00e9 do Rio Preto. Tamb\u00e9m t\u00ednhamos not\u00edcias de um grupo em Porto Alegre. Convidamos algumas amigas que tamb\u00e9m se deslocavam para outras cidades para formar um grupo aqui. Ap\u00f3s muitas reuni\u00f5es, conseguimos elaborar um prot\u00f3tipo do que viria ser depois nosso estatuto. Conseguimos formar uma diretoria e oficializar ent\u00e3o, o CEEPU- Centro de Estudos e Eventos Psicanal\u00edticos de Uberl\u00e2ndia.\u00a0<br \/>Nosso principal objetivo era difundir e divulgar os conte\u00fados te\u00f3ricos e t\u00e9cnicos da psican\u00e1lise e tamb\u00e9m constituir um Centro de Atendimento de Psicoterapia por um valor mais acess\u00edvel. Nosso Centro \u00e9 constitu\u00eddo por seus membros filiados e efetivos, supervisores, coordenadores das Obras de Freud, Klein, Bion, Winnicott e autores contempor\u00e2neos. E tamb\u00e9m trazer profissionais de outras institui\u00e7\u00f5es para aprimorar nossos conhecimentos. A ideia \u00e9 ainda de fazer um tr\u00e2nsito para uma forma\u00e7\u00e3o oficial nas Sociedades filiadas a IPA &#8211; Internacional Psychoanalytical Association, como tamb\u00e9m para cursos de forma\u00e7\u00e3o acad\u00eamica como mestrados e doutorados nessa \u00e1rea. \u201cNossa mem\u00f3ria do futuro\u201d. Elaine Guimar\u00e3es.<\/p>\t\t\t\t\t\t\t\t<\/div>\n\t\t\t\t<\/div>\n\t\t\t\t\t<\/div>\n\t\t<\/div>\n\t\t\t\t\t<\/div>\n\t\t<\/section>\n\t\t\t\t<\/div>\n\t\t","protected":false},"excerpt":{"rendered":"<p>Inspirada pelas recorda\u00e7\u00f5es de como foi o nascimento do CEEPU, em meados de 1990, passo a contar sua hist\u00f3ria.A psican\u00e1lise \u00e9 uma atividade profissional em tr\u00e2nsito. O que quero dizer com isso? A etimologia da palavra tr\u00e2nsito vem do latim transitus, que significa a\u00e7\u00e3o de passar, passagem, a\u00e7\u00e3o de transitar, de fazer algum caminho e &#8230; <a title=\"Quem Somos\" class=\"read-more\" href=\"https:\/\/ceepu.com.br\/portal\/quem-somos\/\" aria-label=\"More on Quem Somos\">Ler mais<\/a><\/p>\n","protected":false},"author":1,"featured_media":0,"parent":0,"menu_order":0,"comment_status":"closed","ping_status":"closed","template":"","meta":{"footnotes":""},"class_list":["post-208","page","type-page","status-publish"],"_links":{"self":[{"href":"https:\/\/ceepu.com.br\/portal\/wp-json\/wp\/v2\/pages\/208","targetHints":{"allow":["GET"]}}],"collection":[{"href":"https:\/\/ceepu.com.br\/portal\/wp-json\/wp\/v2\/pages"}],"about":[{"href":"https:\/\/ceepu.com.br\/portal\/wp-json\/wp\/v2\/types\/page"}],"author":[{"embeddable":true,"href":"https:\/\/ceepu.com.br\/portal\/wp-json\/wp\/v2\/users\/1"}],"replies":[{"embeddable":true,"href":"https:\/\/ceepu.com.br\/portal\/wp-json\/wp\/v2\/comments?post=208"}],"version-history":[{"count":40,"href":"https:\/\/ceepu.com.br\/portal\/wp-json\/wp\/v2\/pages\/208\/revisions"}],"predecessor-version":[{"id":1534,"href":"https:\/\/ceepu.com.br\/portal\/wp-json\/wp\/v2\/pages\/208\/revisions\/1534"}],"wp:attachment":[{"href":"https:\/\/ceepu.com.br\/portal\/wp-json\/wp\/v2\/media?parent=208"}],"curies":[{"name":"wp","href":"https:\/\/api.w.org\/{rel}","templated":true}]}}